{"id":166919,"date":"2025-12-09T14:44:41","date_gmt":"2025-12-09T13:44:41","guid":{"rendered":"https:\/\/bilbao-cafebar.com\/plan-du-site\/"},"modified":"2025-12-09T14:44:41","modified_gmt":"2025-12-09T13:44:41","slug":"plan-du-site","status":"publish","type":"page","link":"https:\/\/bilbao-cafebar.com\/fr\/plan-du-site\/","title":{"rendered":"Plan du site"},"content":{"rendered":"<div class=\"kwayy-html-sitemap-wrapper\"><h2 class=\"kwayy-html-sitemap-post-title kwayy-page-title\">P\u00e1ginas<\/h2><ul class=\"kwayy-html-sitemap-post-list kwayy-page-list\"><ul><li><a href=\"https:\/\/bilbao-cafebar.com\/fr\/accessibilite\/\">Accessibilit\u00e9<\/a><\/li><li><a href=\"https:\/\/bilbao-cafebar.com\/fr\/politique-en-matiere-de-cookies-ue\/\">Politique en mati\u00e8re de cookies (UE)<\/a><\/li><li><a href=\"https:\/\/bilbao-cafebar.com\/fr\/contact\/\">Contact<\/a><\/li><li><a href=\"https:\/\/bilbao-cafebar.com\/fr\/prix-de-theatre\/\">Prix de th\u00e9\u00e2tre<\/a><\/li><li><a href=\"https:\/\/bilbao-cafebar.com\/fr\/\">Accueil<\/a><\/li><li><a href=\"https:\/\/bilbao-cafebar.com\/fr\/politique-de-confidentialite\/\">Politique de confidentialit\u00e9<\/a><\/li><\/ul><\/ul><\/div> <!-- .kwayy-html-sitemap-wrapper -->\n","protected":false},"excerpt":{"rendered":"P\u00e1ginasAccessibilit\u00e9Politique en mati\u00e8re de cookies (UE)ContactPrix de th\u00e9\u00e2treAccueilPolitique de confidentialit\u00e9","protected":false},"author":1,"featured_media":0,"parent":0,"menu_order":0,"comment_status":"closed","ping_status":"closed","template":"","meta":{"footnotes":""},"class_list":["post-166919","page","type-page","status-publish","hentry"],"_links":{"self":[{"href":"https:\/\/bilbao-cafebar.com\/fr\/wp-json\/wp\/v2\/pages\/166919","targetHints":{"allow":["GET"]}}],"collection":[{"href":"https:\/\/bilbao-cafebar.com\/fr\/wp-json\/wp\/v2\/pages"}],"about":[{"href":"https:\/\/bilbao-cafebar.com\/fr\/wp-json\/wp\/v2\/types\/page"}],"author":[{"embeddable":true,"href":"https:\/\/bilbao-cafebar.com\/fr\/wp-json\/wp\/v2\/users\/1"}],"replies":[{"embeddable":true,"href":"https:\/\/bilbao-cafebar.com\/fr\/wp-json\/wp\/v2\/comments?post=166919"}],"version-history":[{"count":0,"href":"https:\/\/bilbao-cafebar.com\/fr\/wp-json\/wp\/v2\/pages\/166919\/revisions"}],"wp:attachment":[{"href":"https:\/\/bilbao-cafebar.com\/fr\/wp-json\/wp\/v2\/media?parent=166919"}],"curies":[{"name":"wp","href":"https:\/\/api.w.org\/{rel}","templated":true}]}}